{"id":16,"date":"2019-02-11T06:24:26","date_gmt":"2019-02-11T06:24:26","guid":{"rendered":"https:\/\/themify.me\/demo\/themes\/ultra-coffee\/?page_id=10"},"modified":"2021-05-17T13:03:56","modified_gmt":"2021-05-17T13:03:56","slug":"home","status":"publish","type":"page","link":"https:\/\/www.berghof-stoffel.ch\/","title":{"rendered":"Home"},"content":{"rendered":"<!-- wp:themify-builder\/canvas \/--><!--themify_builder_static--><h1>Berghof Stoffel<br\/>Frische Bio-Hofwaren direkt ab Hof<\/h1>\n<h3>\u00a0<\/h3> <h3 style=\"text-align: center;\">Kontakt<\/h3> <p style=\"text-align: center;\">Luzi Stoffel<br \/>Annahus 217<br \/>7446 Campsut<br \/><a href=\"mailto:luzistoffel@gmx.ch\">luzistoffel@gmx.ch<\/a><\/p>\n<h3 style=\"text-align: center;\">Wo wir sind<\/h3> <p style=\"text-align: center;\">Im idyllischen Hochtal Avers:<br \/>Umgeben von einem wundersch\u00f6nen Bergpanorama, bl\u00fchenden Wiesen, kristallklaren Bergb\u00e4chen, Arven- &amp; L\u00e4rchenw\u00e4ldern &amp; einer artenreichen Fauna &#8211; dort liegt der Berghof auf 1680 M.\u00fc.M.<\/p>\n<h3>Herzlich willkommen<br\/>beim Berghof Stoffel<\/h3>\n<p>Der Berghof-Stoffel ist ein Bio-Betrieb mit der Knospe \u2013 und dem Demeter Logo (biologisch-dynamisch) ausgezeichnet. Der Hof ist auf 1680 m im Hochtal Avers angesiedelt. Bewirtschaftet werden ca. 35 ha Bergwiesen bis auf 2100 m H\u00f6he.<\/p> <p>Im Sommer betreiben wir Alpwirtschaft auf den zum Hof geh\u00f6renden Alpen. Die Kuhherde besteht aus Original-Braunvieh und R\u00e4tischem Grauvieh. Zus\u00e4tzlich beheimaten wir Pferde und Milchschafe. Uns liegt eine standortgerechte Landwirtschaft sehr am Herzen. Aus \u00dcberzeugung sind die auf dem Hof produzierten Lebensmittel alle regional, hochwertig verarbeitet und von bester Qualit\u00e4t. Sie beinhalten die H\u00f6hensonne, die Bergflora, das gute Quellwasser, die reine Bergluft und die Vielfalt unseres Gesteins und deren Mineralien im Boden.<\/p>\n<a href=\"http:\/\/www.berghof-stoffel.ch\/?page_id=12\" > \u00dcber uns <\/a>\n<img src=\"http:\/\/www.berghof-stoffel.ch\/wp-content\/uploads\/2019\/12\/DSC00658-scaled.jpg\" width=\"590\" title=\"\" alt=\"\">\n<h3>So funktioniert es<br\/>N\u00e4here Infos unter 079 359 68 50 oder unser Kontaktformular<\/h3>\n<img src=\"https:\/\/www.berghof-stoffel.ch\/wp-content\/uploads\/2020\/05\/Demeter_Logo.svg\" width=\"100\" alt=\"Gemischte Fleischpakete vom Rind, Kalb, Lamm und Gitzi werden mehrmals j\u00e4hrlich schweizweit per Post versendet.\"> \nGemischte Fleischpakete vom Rind, Kalb, Lamm und Gitzi werden mehrmals j\u00e4hrlich schweizweit per Post versendet.\n<img loading=\"lazy\" src=\"https:\/\/www.berghof-stoffel.ch\/wp-content\/uploads\/2020\/05\/54088353-vektor-schwarze-bauer-symbol-auf-wei\u00dfem-hintergrund-100x149.jpg\" width=\"100\" height=\"149\" title=\"54088353-vektor-schwarze-bauer-symbol-auf-wei\u00dfem-hintergrund\" alt=\"Das Wohlergehen unserer Tiere liegt uns sehr am Herzen. Um eine Beziehung zu jedem einzelnen Tier aufzubauen, bekommt jedes Tier einen eigenen Namen. Durch den t\u00e4glichen Kontakt entsteht eine enge Bindung zwischen Mensch und Tier. Vom ersten bis zum letzten Tag, werden die Tiere f\u00fcrsorglich behandelt.\" srcset=\"https:\/\/www.berghof-stoffel.ch\/wp-content\/uploads\/2020\/05\/54088353-vektor-schwarze-bauer-symbol-auf-wei\u00dfem-hintergrund-100x149.jpg 100w, https:\/\/www.berghof-stoffel.ch\/wp-content\/uploads\/2020\/05\/54088353-vektor-schwarze-bauer-symbol-auf-wei\u00dfem-hintergrund-201x300.jpg 201w, https:\/\/www.berghof-stoffel.ch\/wp-content\/uploads\/2020\/05\/54088353-vektor-schwarze-bauer-symbol-auf-wei\u00dfem-hintergrund.jpg 368w\" sizes=\"(max-width: 100px) 100vw, 100px\" \/> Das Wohlergehen unserer Tiere liegt uns sehr am Herzen. Um eine Beziehung zu jedem einzelnen Tier aufzubauen, bekommt jedes Tier einen eigenen Namen. Durch den t\u00e4glichen Kontakt entsteht eine enge Bindung zwischen Mensch und Tier. Vom ersten bis zum letzten Tag, werden die Tiere f\u00fcrsorglich behandelt.\n<img loading=\"lazy\" src=\"https:\/\/www.berghof-stoffel.ch\/wp-content\/uploads\/2020\/05\/istockphoto-1138608950-1024x1024-1-100x160.jpg\" width=\"100\" height=\"160\" title=\"istockphoto-1138608950-1024x1024\" alt=\"Die Tiere werden pers\u00f6nlich zum Metzger begleitet, wo der Metzger das Tier fachm\u00e4nnisch zu den verschiedenen Fleischst\u00fccken und Arten verarbeitet. Danach wird das Fleisch von uns portionsgerecht verpackt, vakuumiert und zu Mischpaketen f\u00fcr unsere Kunden zusammengestellt.\" srcset=\"https:\/\/www.berghof-stoffel.ch\/wp-content\/uploads\/2020\/05\/istockphoto-1138608950-1024x1024-1-100x160.jpg 100w, https:\/\/www.berghof-stoffel.ch\/wp-content\/uploads\/2020\/05\/istockphoto-1138608950-1024x1024-1.jpg 186w\" sizes=\"(max-width: 100px) 100vw, 100px\" \/> Die Tiere werden pers\u00f6nlich zum Metzger begleitet, wo der Metzger das Tier fachm\u00e4nnisch zu den verschiedenen Fleischst\u00fccken und Arten verarbeitet. Danach wird das Fleisch von uns portionsgerecht verpackt, vakuumiert und zu Mischpaketen f\u00fcr unsere Kunden zusammengestellt.\n<img loading=\"lazy\" src=\"https:\/\/www.berghof-stoffel.ch\/wp-content\/uploads\/2020\/05\/Unknown-100x100.png\" width=\"100\" height=\"100\" title=\"Unknown\" alt=\"Die Pakete werden gek\u00fchlt per \u201eMondexpress\u201c \u00fcber Nacht in die ganze Schweiz verschickt. Am Ihnen bekannt gemachten Liefertermin, muss jemand das Paket dann in Empfang nehmen. Alles ist so vorbereitet, dass Sie es nur noch ins Gefrierfach legen k\u00f6nne. So k\u00f6nnen wir eine nachhaltige Verarbeitungsweise und kurze Transportwege gew\u00e4hrleisten.\" srcset=\"https:\/\/www.berghof-stoffel.ch\/wp-content\/uploads\/2020\/05\/Unknown-100x100.png 100w, https:\/\/www.berghof-stoffel.ch\/wp-content\/uploads\/2020\/05\/Unknown-150x150.png 150w, https:\/\/www.berghof-stoffel.ch\/wp-content\/uploads\/2020\/05\/Unknown-65x65.png 65w, https:\/\/www.berghof-stoffel.ch\/wp-content\/uploads\/2020\/05\/Unknown.png 225w\" sizes=\"(max-width: 100px) 100vw, 100px\" \/> Die Pakete werden gek\u00fchlt per \u201eMondexpress\u201c \u00fcber Nacht in die ganze Schweiz verschickt. Am Ihnen bekannt gemachten Liefertermin, muss jemand das Paket dann in Empfang nehmen. Alles ist so vorbereitet, dass Sie es nur noch ins Gefrierfach legen k\u00f6nne. So k\u00f6nnen wir eine nachhaltige Verarbeitungsweise und kurze Transportwege gew\u00e4hrleisten.\n<p style=\"text-align: center;\">Die Erfahrung hat gezeigt, dass 10kg Mischpakete sich am Besten f\u00fcr eine gerechte Aufteilung eignen. F\u00fcr kleinere Haushalte k\u00f6nnen wir Ihnen jedoch auch 5kg Pakete anbieten. Die Idee ist, dass Sie ein Mischpaket mit Fleisch vom ganzen Tier erhalten. Also vom Hackfleisch \u00fcber Geschnetzeltes, Pl\u00e4tzli, Braten usw. Die edlen ebenb\u00fcrtigen Fleischst\u00fccke Filet, Huft und Entrec\u00f4te, werden nicht in kleine Portionen aufgeteilt, sondern abwechslungsweise im Turnus jeweils das eine und dann das andere St\u00fcck abgegeben.<\/p><!--\/themify_builder_static--><!-- AddThis Advanced Settings generic via filter on the_content --><!-- AddThis Share Buttons generic via filter on the_content -->","protected":false},"excerpt":{"rendered":"<p>Berghof StoffelFrische Bio-Hofwaren direkt ab Hof \u00a0 Kontakt Luzi StoffelAnnahus 2177446 Campsutluzistoffel@gmx.ch Wo wir sind Im idyllischen Hochtal Avers:Umgeben von einem wundersch\u00f6nen Bergpanorama, bl\u00fchenden Wiesen, kristallklaren Bergb\u00e4chen, Arven- &amp; L\u00e4rchenw\u00e4ldern &amp; einer artenreichen Fauna &#8211; dort liegt der Berghof auf 1680 M.\u00fc.M. Herzlich willkommenbeim Berghof Stoffel Der Berghof-Stoffel ist ein Bio-Betrieb mit der Knospe \u2013 [&hellip;]<!-- AddThis Advanced Settings generic via filter on get_the_excerpt --><!-- AddThis Share Buttons generic via filter on get_the_excerpt --><\/p>\n","protected":false},"author":1,"featured_media":0,"parent":0,"menu_order":0,"comment_status":"closed","ping_status":"closed","template":"","meta":[],"builder_content":"<h1>Berghof Stoffel<br\/>Frische Bio-Hofwaren direkt ab Hof<\/h1>\n<h3>\u00a0<\/h3> <h3 style=\"text-align: center;\">Kontakt<\/h3> <p style=\"text-align: center;\">Luzi Stoffel<br \/>Annahus 217<br \/>7446 Campsut<br \/><a href=\"mailto:luzistoffel@gmx.ch\">luzistoffel@gmx.ch<\/a><\/p>\n<h3 style=\"text-align: center;\">Wo wir sind<\/h3> <p style=\"text-align: center;\">Im idyllischen Hochtal Avers:<br \/>Umgeben von einem wundersch\u00f6nen Bergpanorama, bl\u00fchenden Wiesen, kristallklaren Bergb\u00e4chen, Arven- &amp; L\u00e4rchenw\u00e4ldern &amp; einer artenreichen Fauna - dort liegt der Berghof auf 1680 M.\u00fc.M.<\/p>\n<h3>Herzlich willkommen<br\/>beim Berghof Stoffel<\/h3>\n<p>Der Berghof-Stoffel ist ein Bio-Betrieb mit der Knospe \u2013 und dem Demeter Logo (biologisch-dynamisch) ausgezeichnet. Der Hof ist auf 1680 m im Hochtal Avers angesiedelt. Bewirtschaftet werden ca. 35 ha Bergwiesen bis auf 2100 m H\u00f6he.<\/p> <p>Im Sommer betreiben wir Alpwirtschaft auf den zum Hof geh\u00f6renden Alpen. Die Kuhherde besteht aus Original-Braunvieh und R\u00e4tischem Grauvieh. Zus\u00e4tzlich beheimaten wir Pferde und Milchschafe. Uns liegt eine standortgerechte Landwirtschaft sehr am Herzen. Aus \u00dcberzeugung sind die auf dem Hof produzierten Lebensmittel alle regional, hochwertig verarbeitet und von bester Qualit\u00e4t. Sie beinhalten die H\u00f6hensonne, die Bergflora, das gute Quellwasser, die reine Bergluft und die Vielfalt unseres Gesteins und deren Mineralien im Boden.<\/p>\n<a href=\"http:\/\/www.berghof-stoffel.ch\/?page_id=12\" > \u00dcber uns <\/a>\n<img src=\"http:\/\/www.berghof-stoffel.ch\/wp-content\/uploads\/2019\/12\/DSC00658-scaled.jpg\" width=\"590\" title=\"Home\" alt=\"Home\">\n<h3>So funktioniert es<br\/>N\u00e4here Infos unter 079 359 68 50 oder unser Kontaktformular<\/h3>\n<img src=\"https:\/\/www.berghof-stoffel.ch\/wp-content\/uploads\/2020\/05\/Demeter_Logo.svg\" width=\"100\" alt=\"Gemischte Fleischpakete vom Rind, Kalb, Lamm und Gitzi werden mehrmals j\u00e4hrlich schweizweit per Post versendet.\"> \nGemischte Fleischpakete vom Rind, Kalb, Lamm und Gitzi werden mehrmals j\u00e4hrlich schweizweit per Post versendet.\n<img loading=\"lazy\" src=\"https:\/\/www.berghof-stoffel.ch\/wp-content\/uploads\/2020\/05\/54088353-vektor-schwarze-bauer-symbol-auf-wei\u00dfem-hintergrund-100x149.jpg\" width=\"100\" height=\"149\" title=\"54088353-vektor-schwarze-bauer-symbol-auf-wei\u00dfem-hintergrund\" alt=\"Das Wohlergehen unserer Tiere liegt uns sehr am Herzen. Um eine Beziehung zu jedem einzelnen Tier aufzubauen, bekommt jedes Tier einen eigenen Namen. Durch den t\u00e4glichen Kontakt entsteht eine enge Bindung zwischen Mensch und Tier. Vom ersten bis zum letzten Tag, werden die Tiere f\u00fcrsorglich behandelt.\" srcset=\"https:\/\/www.berghof-stoffel.ch\/wp-content\/uploads\/2020\/05\/54088353-vektor-schwarze-bauer-symbol-auf-wei\u00dfem-hintergrund-100x149.jpg 100w, https:\/\/www.berghof-stoffel.ch\/wp-content\/uploads\/2020\/05\/54088353-vektor-schwarze-bauer-symbol-auf-wei\u00dfem-hintergrund-201x300.jpg 201w, https:\/\/www.berghof-stoffel.ch\/wp-content\/uploads\/2020\/05\/54088353-vektor-schwarze-bauer-symbol-auf-wei\u00dfem-hintergrund.jpg 368w\" sizes=\"(max-width: 100px) 100vw, 100px\" \/> Das Wohlergehen unserer Tiere liegt uns sehr am Herzen. Um eine Beziehung zu jedem einzelnen Tier aufzubauen, bekommt jedes Tier einen eigenen Namen. Durch den t\u00e4glichen Kontakt entsteht eine enge Bindung zwischen Mensch und Tier. Vom ersten bis zum letzten Tag, werden die Tiere f\u00fcrsorglich behandelt.\n<img loading=\"lazy\" src=\"https:\/\/www.berghof-stoffel.ch\/wp-content\/uploads\/2020\/05\/istockphoto-1138608950-1024x1024-1-100x160.jpg\" width=\"100\" height=\"160\" title=\"istockphoto-1138608950-1024x1024\" alt=\"Die Tiere werden pers\u00f6nlich zum Metzger begleitet, wo der Metzger das Tier fachm\u00e4nnisch zu den verschiedenen Fleischst\u00fccken und Arten verarbeitet. Danach wird das Fleisch von uns portionsgerecht verpackt, vakuumiert und zu Mischpaketen f\u00fcr unsere Kunden zusammengestellt.\" srcset=\"https:\/\/www.berghof-stoffel.ch\/wp-content\/uploads\/2020\/05\/istockphoto-1138608950-1024x1024-1-100x160.jpg 100w, https:\/\/www.berghof-stoffel.ch\/wp-content\/uploads\/2020\/05\/istockphoto-1138608950-1024x1024-1.jpg 186w\" sizes=\"(max-width: 100px) 100vw, 100px\" \/> Die Tiere werden pers\u00f6nlich zum Metzger begleitet, wo der Metzger das Tier fachm\u00e4nnisch zu den verschiedenen Fleischst\u00fccken und Arten verarbeitet. Danach wird das Fleisch von uns portionsgerecht verpackt, vakuumiert und zu Mischpaketen f\u00fcr unsere Kunden zusammengestellt.\n<img loading=\"lazy\" src=\"https:\/\/www.berghof-stoffel.ch\/wp-content\/uploads\/2020\/05\/Unknown-100x100.png\" width=\"100\" height=\"100\" title=\"Unknown\" alt=\"Die Pakete werden gek\u00fchlt per \u201eMondexpress\u201c \u00fcber Nacht in die ganze Schweiz verschickt. Am Ihnen bekannt gemachten Liefertermin, muss jemand das Paket dann in Empfang nehmen. Alles ist so vorbereitet, dass Sie es nur noch ins Gefrierfach legen k\u00f6nne. So k\u00f6nnen wir eine nachhaltige Verarbeitungsweise und kurze Transportwege gew\u00e4hrleisten.\" srcset=\"https:\/\/www.berghof-stoffel.ch\/wp-content\/uploads\/2020\/05\/Unknown-100x100.png 100w, https:\/\/www.berghof-stoffel.ch\/wp-content\/uploads\/2020\/05\/Unknown-150x150.png 150w, https:\/\/www.berghof-stoffel.ch\/wp-content\/uploads\/2020\/05\/Unknown-65x65.png 65w, https:\/\/www.berghof-stoffel.ch\/wp-content\/uploads\/2020\/05\/Unknown.png 225w\" sizes=\"(max-width: 100px) 100vw, 100px\" \/> Die Pakete werden gek\u00fchlt per \u201eMondexpress\u201c \u00fcber Nacht in die ganze Schweiz verschickt. Am Ihnen bekannt gemachten Liefertermin, muss jemand das Paket dann in Empfang nehmen. Alles ist so vorbereitet, dass Sie es nur noch ins Gefrierfach legen k\u00f6nne. So k\u00f6nnen wir eine nachhaltige Verarbeitungsweise und kurze Transportwege gew\u00e4hrleisten.\n<p style=\"text-align: center;\">Die Erfahrung hat gezeigt, dass 10kg Mischpakete sich am Besten f\u00fcr eine gerechte Aufteilung eignen. F\u00fcr kleinere Haushalte k\u00f6nnen wir Ihnen jedoch auch 5kg Pakete anbieten. Die Idee ist, dass Sie ein Mischpaket mit Fleisch vom ganzen Tier erhalten. Also vom Hackfleisch \u00fcber Geschnetzeltes, Pl\u00e4tzli, Braten usw. Die edlen ebenb\u00fcrtigen Fleischst\u00fccke Filet, Huft und Entrec\u00f4te, werden nicht in kleine Portionen aufgeteilt, sondern abwechslungsweise im Turnus jeweils das eine und dann das andere St\u00fcck abgegeben.<\/p>","_links":{"self":[{"href":"https:\/\/www.berghof-stoffel.ch\/index.php?rest_route=\/wp\/v2\/pages\/16"}],"collection":[{"href":"https:\/\/www.berghof-stoffel.ch\/index.php?rest_route=\/wp\/v2\/pages"}],"about":[{"href":"https:\/\/www.berghof-stoffel.ch\/index.php?rest_route=\/wp\/v2\/types\/page"}],"author":[{"embeddable":true,"href":"https:\/\/www.berghof-stoffel.ch\/index.php?rest_route=\/wp\/v2\/users\/1"}],"replies":[{"embeddable":true,"href":"https:\/\/www.berghof-stoffel.ch\/index.php?rest_route=%2Fwp%2Fv2%2Fcomments&post=16"}],"version-history":[{"count":19,"href":"https:\/\/www.berghof-stoffel.ch\/index.php?rest_route=\/wp\/v2\/pages\/16\/revisions"}],"predecessor-version":[{"id":243,"href":"https:\/\/www.berghof-stoffel.ch\/index.php?rest_route=\/wp\/v2\/pages\/16\/revisions\/243"}],"wp:attachment":[{"href":"https:\/\/www.berghof-stoffel.ch\/index.php?rest_route=%2Fwp%2Fv2%2Fmedia&parent=16"}],"curies":[{"name":"wp","href":"https:\/\/api.w.org\/{rel}","templated":true}]}}